{"id":1308,"date":"2025-09-23T10:14:14","date_gmt":"2025-09-23T13:14:14","guid":{"rendered":"https:\/\/www.mapertest.com.br\/?page_id=1308"},"modified":"2025-09-23T11:26:19","modified_gmt":"2025-09-23T14:26:19","slug":"relatorios-maper-test","status":"publish","type":"page","link":"https:\/\/www.mapertest.com.br\/?page_id=1308","title":{"rendered":"Relat\u00f3rios Maper Test"},"content":{"rendered":"\t\t<div data-elementor-type=\"wp-page\" data-elementor-id=\"1308\" class=\"elementor elementor-1308\" data-elementor-post-type=\"page\">\n\t\t\t\t<div class=\"elementor-element elementor-element-bf82096 e-flex e-con-boxed e-con e-parent\" data-id=\"bf82096\" data-element_type=\"container\" data-e-type=\"container\" data-settings=\"{&quot;background_background&quot;:&quot;classic&quot;}\">\n\t\t\t\t\t<div class=\"e-con-inner\">\n\t\t<div class=\"elementor-element elementor-element-749eb08 e-con-full e-flex e-con e-child\" data-id=\"749eb08\" data-element_type=\"container\" data-e-type=\"container\">\n\t\t\t\t<div class=\"elementor-element elementor-element-bbc6b8e elementor-invisible elementor-widget elementor-widget-heading\" data-id=\"bbc6b8e\" data-element_type=\"widget\" data-e-type=\"widget\" data-settings=\"{&quot;_animation&quot;:&quot;fadeInUp&quot;}\" data-widget_type=\"heading.default\">\n\t\t\t\t<div class=\"elementor-widget-container\">\n\t\t\t\t\t<h2 class=\"elementor-heading-title elementor-size-default\">Relat\u00f3rios Maper Test<\/h2>\t\t\t\t<\/div>\n\t\t\t\t<\/div>\n\t\t\t\t<\/div>\n\t\t<div class=\"elementor-element elementor-element-446ad51 e-con-full elementor-hidden-mobile e-flex e-con e-child\" data-id=\"446ad51\" data-element_type=\"container\" data-e-type=\"container\">\n\t\t\t\t<\/div>\n\t\t\t\t\t<\/div>\n\t\t\t\t<\/div>\n\t\t<div class=\"elementor-element elementor-element-e001e2e e-flex e-con-boxed e-con e-parent\" data-id=\"e001e2e\" data-element_type=\"container\" data-e-type=\"container\" data-settings=\"{&quot;background_background&quot;:&quot;classic&quot;}\">\n\t\t\t\t\t<div class=\"e-con-inner\">\n\t\t<div class=\"elementor-element elementor-element-1e8d266 e-con-full e-flex e-con e-child\" data-id=\"1e8d266\" data-element_type=\"container\" data-e-type=\"container\">\n\t\t\t\t<div class=\"elementor-element elementor-element-0bd34be elementor-invisible elementor-widget elementor-widget-heading\" data-id=\"0bd34be\" data-element_type=\"widget\" data-e-type=\"widget\" data-settings=\"{&quot;_animation&quot;:&quot;fadeInUp&quot;}\" data-widget_type=\"heading.default\">\n\t\t\t\t<div class=\"elementor-widget-container\">\n\t\t\t\t\t<h2 class=\"elementor-heading-title elementor-size-default\">Tr\u00eas vers\u00f5es para necessidades diferentes<\/h2>\t\t\t\t<\/div>\n\t\t\t\t<\/div>\n\t\t\t\t<div class=\"elementor-element elementor-element-6c58daf elementor-invisible elementor-widget elementor-widget-text-editor\" data-id=\"6c58daf\" data-element_type=\"widget\" data-e-type=\"widget\" data-settings=\"{&quot;_animation&quot;:&quot;fadeInUp&quot;}\" data-widget_type=\"text-editor.default\">\n\t\t\t\t<div class=\"elementor-widget-container\">\n\t\t\t\t\t\t\t\t\t<p>A mesma base psicom\u00e9trica, tr\u00eas recortes pr\u00e1ticos para decis\u00f5es r\u00e1pidas e PDIs que geram execu\u00e7\u00e3o. Dispon\u00edveis em\u00a0<strong>PT\/EN\/ES<\/strong>\u00a0e integr\u00e1veis ao\u00a0<strong>IA MAPER<\/strong>\u00a0(devolutiva em texto, \u00e1udio e v\u00eddeo).<\/p>\t\t\t\t\t\t\t\t<\/div>\n\t\t\t\t<\/div>\n\t\t\t\t<\/div>\n\t\t<div class=\"elementor-element elementor-element-4683b63 e-con-full e-flex e-con e-child\" data-id=\"4683b63\" data-element_type=\"container\" data-e-type=\"container\" data-settings=\"{&quot;background_background&quot;:&quot;classic&quot;}\">\n\t\t<div class=\"elementor-element elementor-element-b819abe e-con-full e-flex e-con e-child\" data-id=\"b819abe\" data-element_type=\"container\" data-e-type=\"container\">\n\t\t\t\t<div class=\"elementor-element elementor-element-455013e elementor-widget__width-inherit elementor-widget elementor-widget-heading\" data-id=\"455013e\" data-element_type=\"widget\" data-e-type=\"widget\" data-widget_type=\"heading.default\">\n\t\t\t\t<div class=\"elementor-widget-container\">\n\t\t\t\t\t<h2 class=\"elementor-heading-title elementor-size-default\">Relat\u00f3rio Essencial <\/h2>\t\t\t\t<\/div>\n\t\t\t\t<\/div>\n\t\t\t\t<div class=\"elementor-element elementor-element-efd0c89 elementor-widget__width-inherit elementor-widget elementor-widget-heading\" data-id=\"efd0c89\" data-element_type=\"widget\" data-e-type=\"widget\" data-widget_type=\"heading.default\">\n\t\t\t\t<div class=\"elementor-widget-container\">\n\t\t\t\t\t<h2 class=\"elementor-heading-title elementor-size-default\">Operacional<\/h2>\t\t\t\t<\/div>\n\t\t\t\t<\/div>\n\t\t\t\t<div class=\"elementor-element elementor-element-5f71996 elementor-invisible elementor-widget elementor-widget-text-editor\" data-id=\"5f71996\" data-element_type=\"widget\" data-e-type=\"widget\" data-settings=\"{&quot;_animation&quot;:&quot;fadeInUp&quot;}\" data-widget_type=\"text-editor.default\">\n\t\t\t\t<div class=\"elementor-widget-container\">\n\t\t\t\t\t\t\t\t\t<p><strong>Para quem:<\/strong>\u00a0fun\u00e7\u00f5es administrativas, operacionais, atendimento, log\u00edstica, produ\u00e7\u00e3o e suporte<\/p>\t\t\t\t\t\t\t\t<\/div>\n\t\t\t\t<\/div>\n\t\t\t\t<div class=\"elementor-element elementor-element-8bbfb0d elementor-widget-divider--view-line elementor-widget elementor-widget-divider\" data-id=\"8bbfb0d\" data-element_type=\"widget\" data-e-type=\"widget\" data-widget_type=\"divider.default\">\n\t\t\t\t<div class=\"elementor-widget-container\">\n\t\t\t\t\t\t\t<div class=\"elementor-divider\">\n\t\t\t<span class=\"elementor-divider-separator\">\n\t\t\t\t\t\t<\/span>\n\t\t<\/div>\n\t\t\t\t\t\t<\/div>\n\t\t\t\t<\/div>\n\t\t\t\t<div class=\"elementor-element elementor-element-e2ad0be elementor-invisible elementor-widget elementor-widget-text-editor\" data-id=\"e2ad0be\" data-element_type=\"widget\" data-e-type=\"widget\" data-settings=\"{&quot;_animation&quot;:&quot;fadeInUp&quot;}\" data-widget_type=\"text-editor.default\">\n\t\t\t\t<div class=\"elementor-widget-container\">\n\t\t\t\t\t\t\t\t\t<p><strong>O que mede (foco):<\/strong>\u00a0disciplina de execu\u00e7\u00e3o, organiza\u00e7\u00e3o, aten\u00e7\u00e3o a normas, colabora\u00e7\u00e3o, ritmo, produtividade, relacionamento em grupos e controle das emo\u00e7\u00f5es.<\/p>\t\t\t\t\t\t\t\t<\/div>\n\t\t\t\t<\/div>\n\t\t\t\t<div class=\"elementor-element elementor-element-53af130 elementor-widget-divider--view-line elementor-widget elementor-widget-divider\" data-id=\"53af130\" data-element_type=\"widget\" data-e-type=\"widget\" data-widget_type=\"divider.default\">\n\t\t\t\t<div class=\"elementor-widget-container\">\n\t\t\t\t\t\t\t<div class=\"elementor-divider\">\n\t\t\t<span class=\"elementor-divider-separator\">\n\t\t\t\t\t\t<\/span>\n\t\t<\/div>\n\t\t\t\t\t\t<\/div>\n\t\t\t\t<\/div>\n\t\t\t\t<div class=\"elementor-element elementor-element-f3bdcb8 elementor-invisible elementor-widget elementor-widget-text-editor\" data-id=\"f3bdcb8\" data-element_type=\"widget\" data-e-type=\"widget\" data-settings=\"{&quot;_animation&quot;:&quot;fadeInUp&quot;}\" data-widget_type=\"text-editor.default\">\n\t\t\t\t<div class=\"elementor-widget-container\">\n\t\t\t\t\t\t\t\t\t<p><strong>O que voc\u00ea recebe:<\/strong><\/p><p><strong>Radar de compet\u00eancias<\/strong>\u00a0e ranking de\u00a0<strong>for\u00e7as \u00d7 alertas<\/strong>.<\/p><p><strong>\u00cdndice geral<\/strong><\/p><p><strong>Onde usar:<\/strong>\u00a0sele\u00e7\u00e3o e triagem de cargos b\u00e1sicos, aloca\u00e7\u00e3o de equipe e onboarding (90 dias).<\/p><p><strong>Valor para o neg\u00f3cio:<\/strong>\u00a0reduz\u00a0<strong>turnover e retrabalho<\/strong>, aumenta\u00a0<strong>ader\u00eancia ao cargo<\/strong>, melhora\u00a0<strong>produtividade e seguran\u00e7a<\/strong>.<\/p>\t\t\t\t\t\t\t\t<\/div>\n\t\t\t\t<\/div>\n\t\t\t\t<\/div>\n\t\t\t\t<\/div>\n\t\t<div class=\"elementor-element elementor-element-3413b45 e-con-full e-flex e-con e-child\" data-id=\"3413b45\" data-element_type=\"container\" data-e-type=\"container\" data-settings=\"{&quot;background_background&quot;:&quot;classic&quot;}\">\n\t\t<div class=\"elementor-element elementor-element-a3b874d e-con-full e-flex e-con e-child\" data-id=\"a3b874d\" data-element_type=\"container\" data-e-type=\"container\">\n\t\t\t\t<div class=\"elementor-element elementor-element-003adf2 elementor-widget__width-inherit elementor-widget elementor-widget-heading\" data-id=\"003adf2\" data-element_type=\"widget\" data-e-type=\"widget\" data-widget_type=\"heading.default\">\n\t\t\t\t<div class=\"elementor-widget-container\">\n\t\t\t\t\t<h2 class=\"elementor-heading-title elementor-size-default\">Relat\u00f3rio Gerencial <\/h2>\t\t\t\t<\/div>\n\t\t\t\t<\/div>\n\t\t\t\t<div class=\"elementor-element elementor-element-a017f40 elementor-widget__width-inherit elementor-widget elementor-widget-heading\" data-id=\"a017f40\" data-element_type=\"widget\" data-e-type=\"widget\" data-widget_type=\"heading.default\">\n\t\t\t\t<div class=\"elementor-widget-container\">\n\t\t\t\t\t<h2 class=\"elementor-heading-title elementor-size-default\">Lideran\u00e7a<\/h2>\t\t\t\t<\/div>\n\t\t\t\t<\/div>\n\t\t\t\t<div class=\"elementor-element elementor-element-8e6c1a5 elementor-invisible elementor-widget elementor-widget-text-editor\" data-id=\"8e6c1a5\" data-element_type=\"widget\" data-e-type=\"widget\" data-settings=\"{&quot;_animation&quot;:&quot;fadeInUp&quot;}\" data-widget_type=\"text-editor.default\">\n\t\t\t\t<div class=\"elementor-widget-container\">\n\t\t\t\t\t\t\t\t\t<p><strong>Para quem:<\/strong>\u00a0cargos de lideran\u00e7a em geral, ger\u00eancias consolidadas, cargos de assessoria de alto n\u00edvel.<\/p>\t\t\t\t\t\t\t\t<\/div>\n\t\t\t\t<\/div>\n\t\t\t\t<div class=\"elementor-element elementor-element-2ad0840 elementor-widget-divider--view-line elementor-widget elementor-widget-divider\" data-id=\"2ad0840\" data-element_type=\"widget\" data-e-type=\"widget\" data-widget_type=\"divider.default\">\n\t\t\t\t<div class=\"elementor-widget-container\">\n\t\t\t\t\t\t\t<div class=\"elementor-divider\">\n\t\t\t<span class=\"elementor-divider-separator\">\n\t\t\t\t\t\t<\/span>\n\t\t<\/div>\n\t\t\t\t\t\t<\/div>\n\t\t\t\t<\/div>\n\t\t\t\t<div class=\"elementor-element elementor-element-c73c40c elementor-invisible elementor-widget elementor-widget-text-editor\" data-id=\"c73c40c\" data-element_type=\"widget\" data-e-type=\"widget\" data-settings=\"{&quot;_animation&quot;:&quot;fadeInUp&quot;}\" data-widget_type=\"text-editor.default\">\n\t\t\t\t<div class=\"elementor-widget-container\">\n\t\t\t\t\t\t\t\t\t<p><strong>O que mede (foco):<\/strong>\u00a0vis\u00e3o sist\u00eamica, tomada de decis\u00e3o, influ\u00eancia, comunica\u00e7\u00e3o,\u00a0<strong>delega\u00e7\u00e3o e acompanhamento<\/strong>, gest\u00e3o de conflitos, orienta\u00e7\u00e3o a resultados, inova\u00e7\u00e3o e\u00a0<strong>autogest\u00e3o<\/strong>.<\/p>\t\t\t\t\t\t\t\t<\/div>\n\t\t\t\t<\/div>\n\t\t\t\t<div class=\"elementor-element elementor-element-180dc9e elementor-widget-divider--view-line elementor-widget elementor-widget-divider\" data-id=\"180dc9e\" data-element_type=\"widget\" data-e-type=\"widget\" data-widget_type=\"divider.default\">\n\t\t\t\t<div class=\"elementor-widget-container\">\n\t\t\t\t\t\t\t<div class=\"elementor-divider\">\n\t\t\t<span class=\"elementor-divider-separator\">\n\t\t\t\t\t\t<\/span>\n\t\t<\/div>\n\t\t\t\t\t\t<\/div>\n\t\t\t\t<\/div>\n\t\t\t\t<div class=\"elementor-element elementor-element-ccee842 elementor-invisible elementor-widget elementor-widget-text-editor\" data-id=\"ccee842\" data-element_type=\"widget\" data-e-type=\"widget\" data-settings=\"{&quot;_animation&quot;:&quot;fadeInUp&quot;}\" data-widget_type=\"text-editor.default\">\n\t\t\t\t<div class=\"elementor-widget-container\">\n\t\t\t\t\t\t\t\t\t<p><strong>O que voc\u00ea recebe:<\/strong><\/p><p><strong>Mapa de potencial de lideran\u00e7a contemplando as 20 compet\u00eancias<\/strong>\u00a0(pontos fortes, pontos de aten\u00e7\u00e3o, tend\u00eancia ao estresse e baixa energia vital).<\/p><p><strong>Diagn\u00f3stico do estilo de lideran\u00e7a<\/strong>\u00a0e seus impactos na equipe.<\/p><p><strong>PDI avan\u00e7ado<\/strong>\u00a0com indica\u00e7\u00f5es de melhorias.<\/p>\t\t\t\t\t\t\t\t<\/div>\n\t\t\t\t<\/div>\n\t\t\t\t<div class=\"elementor-element elementor-element-30bf4dc elementor-widget-divider--view-line elementor-widget elementor-widget-divider\" data-id=\"30bf4dc\" data-element_type=\"widget\" data-e-type=\"widget\" data-widget_type=\"divider.default\">\n\t\t\t\t<div class=\"elementor-widget-container\">\n\t\t\t\t\t\t\t<div class=\"elementor-divider\">\n\t\t\t<span class=\"elementor-divider-separator\">\n\t\t\t\t\t\t<\/span>\n\t\t<\/div>\n\t\t\t\t\t\t<\/div>\n\t\t\t\t<\/div>\n\t\t\t\t<div class=\"elementor-element elementor-element-d297245 elementor-invisible elementor-widget elementor-widget-text-editor\" data-id=\"d297245\" data-element_type=\"widget\" data-e-type=\"widget\" data-settings=\"{&quot;_animation&quot;:&quot;fadeInUp&quot;}\" data-widget_type=\"text-editor.default\">\n\t\t\t\t<div class=\"elementor-widget-container\">\n\t\t\t\t\t\t\t\t\t<p><strong>Onde usar:<\/strong>\u00a0sele\u00e7\u00e3o de altos executivos, sucess\u00e3o, desenvolvimento de l\u00edderes, comit\u00eas de pessoas, coaching interno.<\/p>\t\t\t\t\t\t\t\t<\/div>\n\t\t\t\t<\/div>\n\t\t\t\t<div class=\"elementor-element elementor-element-a6bb288 elementor-widget-divider--view-line elementor-widget elementor-widget-divider\" data-id=\"a6bb288\" data-element_type=\"widget\" data-e-type=\"widget\" data-widget_type=\"divider.default\">\n\t\t\t\t<div class=\"elementor-widget-container\">\n\t\t\t\t\t\t\t<div class=\"elementor-divider\">\n\t\t\t<span class=\"elementor-divider-separator\">\n\t\t\t\t\t\t<\/span>\n\t\t<\/div>\n\t\t\t\t\t\t<\/div>\n\t\t\t\t<\/div>\n\t\t\t\t<div class=\"elementor-element elementor-element-3f8c8a9 elementor-invisible elementor-widget elementor-widget-text-editor\" data-id=\"3f8c8a9\" data-element_type=\"widget\" data-e-type=\"widget\" data-settings=\"{&quot;_animation&quot;:&quot;fadeInUp&quot;}\" data-widget_type=\"text-editor.default\">\n\t\t\t\t<div class=\"elementor-widget-container\">\n\t\t\t\t\t\t\t\t\t<p><strong>Valor para o neg\u00f3cio:<\/strong>\u00a0acelera\u00a0<strong>pipeline de lideran\u00e7a<\/strong>, reduz riscos em\u00a0<strong>entregas cr\u00edticas<\/strong>\u00a0e melhora\u00a0<strong>engajamento<\/strong> e o clima organizacional da equipe.<\/p>\t\t\t\t\t\t\t\t<\/div>\n\t\t\t\t<\/div>\n\t\t\t\t<\/div>\n\t\t\t\t<\/div>\n\t\t<div class=\"elementor-element elementor-element-262dd80 e-con-full e-flex e-con e-child\" data-id=\"262dd80\" data-element_type=\"container\" data-e-type=\"container\" data-settings=\"{&quot;background_background&quot;:&quot;classic&quot;}\">\n\t\t<div class=\"elementor-element elementor-element-e39aa9b e-con-full e-flex e-con e-child\" data-id=\"e39aa9b\" data-element_type=\"container\" data-e-type=\"container\">\n\t\t\t\t<div class=\"elementor-element elementor-element-6129ff4 elementor-widget__width-inherit elementor-widget elementor-widget-heading\" data-id=\"6129ff4\" data-element_type=\"widget\" data-e-type=\"widget\" data-widget_type=\"heading.default\">\n\t\t\t\t<div class=\"elementor-widget-container\">\n\t\t\t\t\t<h2 class=\"elementor-heading-title elementor-size-default\">Relat\u00f3rio Vendas <\/h2>\t\t\t\t<\/div>\n\t\t\t\t<\/div>\n\t\t\t\t<div class=\"elementor-element elementor-element-0617570 elementor-widget__width-inherit elementor-widget elementor-widget-heading\" data-id=\"0617570\" data-element_type=\"widget\" data-e-type=\"widget\" data-widget_type=\"heading.default\">\n\t\t\t\t<div class=\"elementor-widget-container\">\n\t\t\t\t\t<h2 class=\"elementor-heading-title elementor-size-default\">Comercial<\/h2>\t\t\t\t<\/div>\n\t\t\t\t<\/div>\n\t\t\t\t<div class=\"elementor-element elementor-element-786dea3 elementor-invisible elementor-widget elementor-widget-text-editor\" data-id=\"786dea3\" data-element_type=\"widget\" data-e-type=\"widget\" data-settings=\"{&quot;_animation&quot;:&quot;fadeInUp&quot;}\" data-widget_type=\"text-editor.default\">\n\t\t\t\t<div class=\"elementor-widget-container\">\n\t\t\t\t\t\t\t\t\t<p><strong>Para quem:<\/strong>\u00a0equipes comerciais.<\/p>\t\t\t\t\t\t\t\t<\/div>\n\t\t\t\t<\/div>\n\t\t\t\t<div class=\"elementor-element elementor-element-ef4f0b2 elementor-widget-divider--view-line elementor-widget elementor-widget-divider\" data-id=\"ef4f0b2\" data-element_type=\"widget\" data-e-type=\"widget\" data-widget_type=\"divider.default\">\n\t\t\t\t<div class=\"elementor-widget-container\">\n\t\t\t\t\t\t\t<div class=\"elementor-divider\">\n\t\t\t<span class=\"elementor-divider-separator\">\n\t\t\t\t\t\t<\/span>\n\t\t<\/div>\n\t\t\t\t\t\t<\/div>\n\t\t\t\t<\/div>\n\t\t\t\t<div class=\"elementor-element elementor-element-dc2ede9 elementor-invisible elementor-widget elementor-widget-text-editor\" data-id=\"dc2ede9\" data-element_type=\"widget\" data-e-type=\"widget\" data-settings=\"{&quot;_animation&quot;:&quot;fadeInUp&quot;}\" data-widget_type=\"text-editor.default\">\n\t\t\t\t<div class=\"elementor-widget-container\">\n\t\t\t\t\t\t\t\t\t<p><strong>O que mede (foco):<\/strong>\u00a0prospec\u00e7\u00e3o, networking,\u00a0<strong>argumenta\u00e7\u00e3o<\/strong>, escuta ativa, negocia\u00e7\u00e3o, orienta\u00e7\u00e3o a metas,\u00a0<strong>capacidade de persuas\u00e3o e de gerenciar obje\u00e7\u00f5es.<\/strong><\/p>\t\t\t\t\t\t\t\t<\/div>\n\t\t\t\t<\/div>\n\t\t\t\t<div class=\"elementor-element elementor-element-3b43a61 elementor-widget-divider--view-line elementor-widget elementor-widget-divider\" data-id=\"3b43a61\" data-element_type=\"widget\" data-e-type=\"widget\" data-widget_type=\"divider.default\">\n\t\t\t\t<div class=\"elementor-widget-container\">\n\t\t\t\t\t\t\t<div class=\"elementor-divider\">\n\t\t\t<span class=\"elementor-divider-separator\">\n\t\t\t\t\t\t<\/span>\n\t\t<\/div>\n\t\t\t\t\t\t<\/div>\n\t\t\t\t<\/div>\n\t\t\t\t<div class=\"elementor-element elementor-element-d9802e7 elementor-invisible elementor-widget elementor-widget-text-editor\" data-id=\"d9802e7\" data-element_type=\"widget\" data-e-type=\"widget\" data-settings=\"{&quot;_animation&quot;:&quot;fadeInUp&quot;}\" data-widget_type=\"text-editor.default\">\n\t\t\t\t<div class=\"elementor-widget-container\">\n\t\t\t\t\t\t\t\t\t<p><strong>O que voc\u00ea recebe:<\/strong><\/p><p><strong>Radar de compet\u00eancias<\/strong>\u00a0e ranking de\u00a0<strong>for\u00e7as \u00d7 alertas<\/strong>.<\/p><p><strong>\u00cdndice geral<\/strong><\/p><p><strong>Notas por estilo<\/strong><\/p>\t\t\t\t\t\t\t\t<\/div>\n\t\t\t\t<\/div>\n\t\t\t\t<div class=\"elementor-element elementor-element-685abd1 elementor-widget-divider--view-line elementor-widget elementor-widget-divider\" data-id=\"685abd1\" data-element_type=\"widget\" data-e-type=\"widget\" data-widget_type=\"divider.default\">\n\t\t\t\t<div class=\"elementor-widget-container\">\n\t\t\t\t\t\t\t<div class=\"elementor-divider\">\n\t\t\t<span class=\"elementor-divider-separator\">\n\t\t\t\t\t\t<\/span>\n\t\t<\/div>\n\t\t\t\t\t\t<\/div>\n\t\t\t\t<\/div>\n\t\t\t\t<div class=\"elementor-element elementor-element-ea419ab elementor-invisible elementor-widget elementor-widget-text-editor\" data-id=\"ea419ab\" data-element_type=\"widget\" data-e-type=\"widget\" data-settings=\"{&quot;_animation&quot;:&quot;fadeInUp&quot;}\" data-widget_type=\"text-editor.default\">\n\t\t\t\t<div class=\"elementor-widget-container\">\n\t\t\t\t\t\t\t\t\t<p><strong>Onde usar:<\/strong>\u00a0sele\u00e7\u00e3o e triagem de cargos comerciais e desenvolvimento da equipe comercial.<\/p>\t\t\t\t\t\t\t\t<\/div>\n\t\t\t\t<\/div>\n\t\t\t\t<div class=\"elementor-element elementor-element-44d5a58 elementor-widget-divider--view-line elementor-widget elementor-widget-divider\" data-id=\"44d5a58\" data-element_type=\"widget\" data-e-type=\"widget\" data-widget_type=\"divider.default\">\n\t\t\t\t<div class=\"elementor-widget-container\">\n\t\t\t\t\t\t\t<div class=\"elementor-divider\">\n\t\t\t<span class=\"elementor-divider-separator\">\n\t\t\t\t\t\t<\/span>\n\t\t<\/div>\n\t\t\t\t\t\t<\/div>\n\t\t\t\t<\/div>\n\t\t\t\t<div class=\"elementor-element elementor-element-ebdcd68 elementor-invisible elementor-widget elementor-widget-text-editor\" data-id=\"ebdcd68\" data-element_type=\"widget\" data-e-type=\"widget\" data-settings=\"{&quot;_animation&quot;:&quot;fadeInUp&quot;}\" data-widget_type=\"text-editor.default\">\n\t\t\t\t<div class=\"elementor-widget-container\">\n\t\t\t\t\t\t\t\t\t<p><strong>Valor para o neg\u00f3cio:<\/strong>\u00a0reduz\u00a0<strong>turnover e retrabalho<\/strong>, aumenta\u00a0<strong>ader\u00eancia ao cargo<\/strong>, melhora\u00a0<strong>produtividade<\/strong>.<\/p>\t\t\t\t\t\t\t\t<\/div>\n\t\t\t\t<\/div>\n\t\t\t\t<\/div>\n\t\t\t\t<\/div>\n\t\t\t\t\t<\/div>\n\t\t\t\t<\/div>\n\t\t<div class=\"elementor-element elementor-element-077075c e-flex e-con-boxed e-con e-parent\" data-id=\"077075c\" data-element_type=\"container\" data-e-type=\"container\">\n\t\t\t\t\t<div class=\"e-con-inner\">\n\t\t\t\t<div class=\"elementor-element elementor-element-ffb6c42 elementor-align-center elementor-mobile-align-justify elementor-widget elementor-widget-button\" data-id=\"ffb6c42\" data-element_type=\"widget\" data-e-type=\"widget\" data-widget_type=\"button.default\">\n\t\t\t\t<div class=\"elementor-widget-container\">\n\t\t\t\t\t\t\t\t\t<div class=\"elementor-button-wrapper\">\n\t\t\t\t\t<a class=\"elementor-button elementor-button-link elementor-size-sm elementor-animation-float\" href=\"https:\/\/api.whatsapp.com\/send?phone=5531982015757&#038;text=Ol%C3%A1%2C%20gostaria%20de%20falar%20com%20um%20especialista\" target=\"_blank\" rel=\"noopener\">\n\t\t\t\t\t\t<span class=\"elementor-button-content-wrapper\">\n\t\t\t\t\t\t\t\t\t<span class=\"elementor-button-text\">Falar com especialista<\/span>\n\t\t\t\t\t<\/span>\n\t\t\t\t\t<\/a>\n\t\t\t\t<\/div>\n\t\t\t\t\t\t\t\t<\/div>\n\t\t\t\t<\/div>\n\t\t\t\t\t<\/div>\n\t\t\t\t<\/div>\n\t\t\t\t<\/div>\n\t\t","protected":false},"excerpt":{"rendered":"<p>Relat\u00f3rios Maper Test Tr\u00eas vers\u00f5es para necessidades diferentes A mesma base psicom\u00e9trica, tr\u00eas recortes pr\u00e1ticos para decis\u00f5es r\u00e1pidas e PDIs que geram execu\u00e7\u00e3o. Dispon\u00edveis em\u00a0PT\/EN\/ES\u00a0e integr\u00e1veis ao\u00a0IA MAPER\u00a0(devolutiva em texto, \u00e1udio e v\u00eddeo). Relat\u00f3rio Essencial Operacional Para quem:\u00a0fun\u00e7\u00f5es administrativas, operacionais, atendimento, log\u00edstica, produ\u00e7\u00e3o e suporte O que mede (foco):\u00a0disciplina de execu\u00e7\u00e3o, organiza\u00e7\u00e3o, aten\u00e7\u00e3o a normas, [&hellip;]<\/p>\n","protected":false},"author":1,"featured_media":0,"parent":0,"menu_order":0,"comment_status":"closed","ping_status":"closed","template":"elementor_header_footer","meta":{"_joinchat":[],"footnotes":""},"class_list":["post-1308","page","type-page","status-publish","hentry"],"_links":{"self":[{"href":"https:\/\/www.mapertest.com.br\/index.php?rest_route=\/wp\/v2\/pages\/1308","targetHints":{"allow":["GET"]}}],"collection":[{"href":"https:\/\/www.mapertest.com.br\/index.php?rest_route=\/wp\/v2\/pages"}],"about":[{"href":"https:\/\/www.mapertest.com.br\/index.php?rest_route=\/wp\/v2\/types\/page"}],"author":[{"embeddable":true,"href":"https:\/\/www.mapertest.com.br\/index.php?rest_route=\/wp\/v2\/users\/1"}],"replies":[{"embeddable":true,"href":"https:\/\/www.mapertest.com.br\/index.php?rest_route=%2Fwp%2Fv2%2Fcomments&post=1308"}],"version-history":[{"count":31,"href":"https:\/\/www.mapertest.com.br\/index.php?rest_route=\/wp\/v2\/pages\/1308\/revisions"}],"predecessor-version":[{"id":1345,"href":"https:\/\/www.mapertest.com.br\/index.php?rest_route=\/wp\/v2\/pages\/1308\/revisions\/1345"}],"wp:attachment":[{"href":"https:\/\/www.mapertest.com.br\/index.php?rest_route=%2Fwp%2Fv2%2Fmedia&parent=1308"}],"curies":[{"name":"wp","href":"https:\/\/api.w.org\/{rel}","templated":true}]}}