{"id":1052,"date":"2025-02-17T17:03:17","date_gmt":"2025-02-17T20:03:17","guid":{"rendered":"https:\/\/www.mapertest.com.br\/?post_type=product&#038;p=1052"},"modified":"2025-02-17T17:03:17","modified_gmt":"2025-02-17T20:03:17","slug":"testes-com-devolutiva","status":"publish","type":"product","link":"https:\/\/www.mapertest.com.br\/?product=testes-com-devolutiva","title":{"rendered":"Testes com Devolutiva"},"content":{"rendered":"","protected":false},"excerpt":{"rendered":"<div class=\"elementor-element elementor-element-d8129fe elementor-widget elementor-widget-text-editor\" data-id=\"d8129fe\" data-element_type=\"widget\" data-widget_type=\"text-editor.default\">\n<div class=\"elementor-widget-container\">\n<p>Devolutiva para PDI via Whatsapp + Grava\u00e7\u00e3o de \u00e1udio + orienta\u00e7\u00e3o profissional de perfil e de carreira.<\/p>\n<\/div>\n<\/div>\n<div class=\"elementor-element elementor-element-7ed96b8 elementor-widget elementor-widget-text-editor\" data-id=\"7ed96b8\" data-element_type=\"widget\" data-widget_type=\"text-editor.default\">\n<div class=\"elementor-widget-container\"><\/div>\n<\/div>\n","protected":false},"featured_media":0,"template":"","meta":{"_joinchat":[]},"product_brand":[],"product_cat":[26],"product_tag":[],"class_list":{"0":"post-1052","1":"product","2":"type-product","3":"status-publish","5":"product_cat-sem-categoria","7":"first","8":"instock","9":"virtual","10":"purchasable","11":"product-type-simple"},"_links":{"self":[{"href":"https:\/\/www.mapertest.com.br\/index.php?rest_route=\/wp\/v2\/product\/1052","targetHints":{"allow":["GET"]}}],"collection":[{"href":"https:\/\/www.mapertest.com.br\/index.php?rest_route=\/wp\/v2\/product"}],"about":[{"href":"https:\/\/www.mapertest.com.br\/index.php?rest_route=\/wp\/v2\/types\/product"}],"wp:attachment":[{"href":"https:\/\/www.mapertest.com.br\/index.php?rest_route=%2Fwp%2Fv2%2Fmedia&parent=1052"}],"wp:term":[{"taxonomy":"product_brand","embeddable":true,"href":"https:\/\/www.mapertest.com.br\/index.php?rest_route=%2Fwp%2Fv2%2Fproduct_brand&post=1052"},{"taxonomy":"product_cat","embeddable":true,"href":"https:\/\/www.mapertest.com.br\/index.php?rest_route=%2Fwp%2Fv2%2Fproduct_cat&post=1052"},{"taxonomy":"product_tag","embeddable":true,"href":"https:\/\/www.mapertest.com.br\/index.php?rest_route=%2Fwp%2Fv2%2Fproduct_tag&post=1052"}],"curies":[{"name":"wp","href":"https:\/\/api.w.org\/{rel}","templated":true}]}}